{"id":7038,"date":"2025-07-04T13:18:11","date_gmt":"2025-07-04T11:18:11","guid":{"rendered":"https:\/\/circulartree.com\/?page_id=7038"},"modified":"2025-07-08T22:15:50","modified_gmt":"2025-07-08T20:15:50","slug":"download-danke-aktivieren-68406458470","status":"publish","type":"page","link":"https:\/\/circulartree.com\/de\/download-danke-aktivieren-68406458470\/","title":{"rendered":"Vielen Dank f\u00fcr Ihr Interesse!"},"content":{"rendered":"<h2 class=\"wp-block-heading has-text-align-center\">Ihre Anfrage wurde erfolgreich \u00fcbermittelt.<\/h2>\n\n\n\n<hr class=\"wp-block-separator has-alpha-channel-opacity\"\/>\n\n\n\n<p class=\"has-text-align-center\">Das gew\u00fcnschte Whitepaper k\u00f6nnen Sie nun direkt herunterladen. Der Link ist aus Sicherheitsgr\u00fcnden nicht \u00f6ffentlich auffindbar.<\/p>\n\n\n<div class='w3eden'><!-- WPDM Link Template: Default Template -->\n\n<div class=\"link-template-default card mb-2\">\n    <div class=\"card-body\">\n        <div class=\"media\">\n            <div class=\"mr-3 img-48\"><img decoding=\"async\" class=\"wpdm_icon\" alt=\"Icon\"   src=\"https:\/\/circulartree.com\/wp-content\/plugins\/download-manager\/assets\/file-type-icons\/pdf.svg\" \/><\/div>\n            <div class=\"media-body\">\n                <h3 class=\"package-title\"><a href='https:\/\/circulartree.com\/de\/download\/pacific-app-basf-circulartree\/'>Download Whitepaper - BASF and CircularTree PACIFIC App<\/a><\/h3>\n                <div class=\"text-muted text-small\"><i class=\"fas fa-copy\"><\/i> 1 Datei(en) <i class=\"fas fa-hdd ml-3\"><\/i> 1.59 MB<\/div>\n            <\/div>\n            <div class=\"ml-3\">\n                <a class='wpdm-download-link btn btn-primary' rel='nofollow' href='https:\/\/circulartree.com\/de\/download\/pacific-app-basf-circulartree\/?wpdmdl=7037&refresh=69e029b3a7c1c1776298419'>Download<\/a>\n            <\/div>\n        <\/div>\n    <\/div>\n<\/div>\n\n<\/div>\n\n\n\n<p class=\"has-text-align-center\"><strong>Please do not share this link, it is for you only<\/strong>.<\/p>","protected":false},"excerpt":{"rendered":"<p>Your request has been successfully submitted. You can now download the desired white paper directly. The link cannot be found publicly for security reasons. Please do not share this link,<\/p>\n<div><a href=\"https:\/\/circulartree.com\/de\/download-danke-aktivieren-68406458470\/\" class=\"exp-read-more exp-read-more-underlined\">Read More<\/a><\/div>","protected":false},"author":1,"featured_media":0,"parent":0,"menu_order":0,"comment_status":"closed","ping_status":"closed","template":"","meta":{"content-type":"","footnotes":""},"class_list":["post-7038","page","type-page","status-publish","hentry"],"_links":{"self":[{"href":"https:\/\/circulartree.com\/de\/wp-json\/wp\/v2\/pages\/7038","targetHints":{"allow":["GET"]}}],"collection":[{"href":"https:\/\/circulartree.com\/de\/wp-json\/wp\/v2\/pages"}],"about":[{"href":"https:\/\/circulartree.com\/de\/wp-json\/wp\/v2\/types\/page"}],"author":[{"embeddable":true,"href":"https:\/\/circulartree.com\/de\/wp-json\/wp\/v2\/users\/1"}],"replies":[{"embeddable":true,"href":"https:\/\/circulartree.com\/de\/wp-json\/wp\/v2\/comments?post=7038"}],"version-history":[{"count":7,"href":"https:\/\/circulartree.com\/de\/wp-json\/wp\/v2\/pages\/7038\/revisions"}],"predecessor-version":[{"id":7048,"href":"https:\/\/circulartree.com\/de\/wp-json\/wp\/v2\/pages\/7038\/revisions\/7048"}],"wp:attachment":[{"href":"https:\/\/circulartree.com\/de\/wp-json\/wp\/v2\/media?parent=7038"}],"curies":[{"name":"wp","href":"https:\/\/api.w.org\/{rel}","templated":true}]}}